{"id":128,"date":"2020-05-10T21:59:08","date_gmt":"2020-05-10T19:59:08","guid":{"rendered":"https:\/\/www.pinifri.fr\/Portfolio\/?page_id=128"},"modified":"2020-06-16T12:38:58","modified_gmt":"2020-06-16T10:38:58","slug":"logo-ularius","status":"publish","type":"page","link":"https:\/\/www.pinifri.fr\/Portfolio\/design-graphique\/logo-ularius\/","title":{"rendered":"Logo \u00ab\u00a0Ularius\u00a0\u00bb"},"content":{"rendered":"\t\t<div data-elementor-type=\"wp-page\" data-elementor-id=\"128\" class=\"elementor elementor-128\" data-elementor-settings=\"{&quot;ha_cmc_init_switcher&quot;:&quot;no&quot;}\" data-elementor-post-type=\"page\">\n\t\t\t\t\t\t<section class=\"has_eae_slider elementor-section elementor-top-section elementor-element elementor-element-5a95813 elementor-section-boxed elementor-section-height-default elementor-section-height-default\" data-eae-slider=\"31867\" data-id=\"5a95813\" data-element_type=\"section\" data-e-type=\"section\" data-settings=\"{&quot;_ha_eqh_enable&quot;:false}\">\n\t\t\t\t\t\t<div class=\"elementor-container elementor-column-gap-default\">\n\t\t\t\t\t<div class=\"has_eae_slider elementor-column elementor-col-100 elementor-top-column elementor-element elementor-element-183c3c9\" data-eae-slider=\"45044\" data-id=\"183c3c9\" data-element_type=\"column\" data-e-type=\"column\">\n\t\t\t<div class=\"elementor-widget-wrap elementor-element-populated\">\n\t\t\t\t\t\t<div class=\"elementor-element elementor-element-b720afd animated-slow elementor-invisible elementor-widget elementor-widget-text-editor\" data-id=\"b720afd\" data-element_type=\"widget\" data-e-type=\"widget\" data-settings=\"{&quot;_animation&quot;:&quot;fadeIn&quot;}\" data-widget_type=\"text-editor.default\">\n\t\t\t\t<div class=\"elementor-widget-container\">\n\t\t\t\t\t\t\t\t\t<p>Cr\u00e9ation du logo de l&rsquo;entreprise \u00ab\u00a0Ularius Immo\u00a0\u00bb\u00a0 se situant sur l&rsquo;\u00eele d&rsquo;Ol\u00e9ron. Le point sur le i est remplac\u00e9 par une bou\u00e9e rappelant les bateaux et la mer.<\/p>\t\t\t\t\t\t\t\t<\/div>\n\t\t\t\t<\/div>\n\t\t\t\t\t<\/div>\n\t\t<\/div>\n\t\t\t\t\t<\/div>\n\t\t<\/section>\n\t\t\t\t<section class=\"has_eae_slider elementor-section elementor-top-section elementor-element elementor-element-3b873e2 elementor-section-boxed elementor-section-height-default elementor-section-height-default\" data-eae-slider=\"77764\" data-id=\"3b873e2\" data-element_type=\"section\" data-e-type=\"section\" data-settings=\"{&quot;_ha_eqh_enable&quot;:false}\">\n\t\t\t\t\t\t<div class=\"elementor-container elementor-column-gap-default\">\n\t\t\t\t\t<div class=\"has_eae_slider elementor-column elementor-col-100 elementor-top-column elementor-element elementor-element-eb97d72\" data-eae-slider=\"29614\" data-id=\"eb97d72\" data-element_type=\"column\" data-e-type=\"column\">\n\t\t\t<div class=\"elementor-widget-wrap elementor-element-populated\">\n\t\t\t\t\t\t<div class=\"elementor-element elementor-element-93d7386 animated-slow elementor-invisible elementor-widget elementor-widget-image\" data-id=\"93d7386\" data-element_type=\"widget\" data-e-type=\"widget\" data-settings=\"{&quot;_animation&quot;:&quot;fadeInUp&quot;}\" data-widget_type=\"image.default\">\n\t\t\t\t<div class=\"elementor-widget-container\">\n\t\t\t\t\t\t\t\t\t\t\t\t\t\t\t<img fetchpriority=\"high\" decoding=\"async\" width=\"2560\" height=\"1044\" src=\"https:\/\/www.pinifri.fr\/Portfolio\/wp-content\/uploads\/2020\/05\/logo-Ularius-3800x1550-1-scaled.jpg\" class=\"attachment-full size-full wp-image-265\" alt=\"Photo logo Ularius\" srcset=\"https:\/\/www.pinifri.fr\/Portfolio\/wp-content\/uploads\/2020\/05\/logo-Ularius-3800x1550-1-scaled.jpg 2560w, https:\/\/www.pinifri.fr\/Portfolio\/wp-content\/uploads\/2020\/05\/logo-Ularius-3800x1550-1-300x122.jpg 300w, https:\/\/www.pinifri.fr\/Portfolio\/wp-content\/uploads\/2020\/05\/logo-Ularius-3800x1550-1-1024x418.jpg 1024w, https:\/\/www.pinifri.fr\/Portfolio\/wp-content\/uploads\/2020\/05\/logo-Ularius-3800x1550-1-768x313.jpg 768w, https:\/\/www.pinifri.fr\/Portfolio\/wp-content\/uploads\/2020\/05\/logo-Ularius-3800x1550-1-1536x627.jpg 1536w, https:\/\/www.pinifri.fr\/Portfolio\/wp-content\/uploads\/2020\/05\/logo-Ularius-3800x1550-1-2048x835.jpg 2048w, https:\/\/www.pinifri.fr\/Portfolio\/wp-content\/uploads\/2020\/05\/logo-Ularius-3800x1550-1-720x294.jpg 720w, https:\/\/www.pinifri.fr\/Portfolio\/wp-content\/uploads\/2020\/05\/logo-Ularius-3800x1550-1-820x334.jpg 820w\" sizes=\"(max-width: 2560px) 100vw, 2560px\" \/>\t\t\t\t\t\t\t\t\t\t\t\t\t\t\t<\/div>\n\t\t\t\t<\/div>\n\t\t\t\t\t<\/div>\n\t\t<\/div>\n\t\t\t\t\t<\/div>\n\t\t<\/section>\n\t\t\t\t<\/div>\n\t\t","protected":false},"excerpt":{"rendered":"<p>Cr\u00e9ation du logo de l&rsquo;entreprise \u00ab\u00a0Ularius Immo\u00a0\u00bb&nbsp; se situant sur l&rsquo;\u00eele d&rsquo;Ol\u00e9ron. Le point sur le i est remplac\u00e9 par [&hellip;]<\/p>\n","protected":false},"author":1,"featured_media":0,"parent":8,"menu_order":0,"comment_status":"closed","ping_status":"closed","template":"page-templates\/template_fullwidth.php","meta":{"_eb_attr":"","_monsterinsights_skip_tracking":false,"_monsterinsights_sitenote_active":false,"_monsterinsights_sitenote_note":"","_monsterinsights_sitenote_category":0,"_uf_show_specific_survey":0,"_uf_disable_surveys":false,"footnotes":""},"class_list":["post-128","page","type-page","status-publish","hentry","clearfix"],"aioseo_notices":[],"yoast_head":"<!-- This site is optimized with the Yoast SEO plugin v27.5 - https:\/\/yoast.com\/product\/yoast-seo-wordpress\/ -->\n<title>Cr\u00e9ation du logo &quot;Ularius&quot;, agence immobili\u00e8re sur Ol\u00e9ron.<\/title>\n<meta name=\"description\" content=\"R\u00e9alisation avec le logiciel ADOBE Illustrator 2019 pour le logo d&#039;une agence immobli\u00e8re se trouvant \u00e0 Ol\u00e9ron. La bou\u00e9e pour le c\u00f4t\u00e9 oc\u00e9an.\" \/>\n<meta name=\"robots\" content=\"index, follow, max-snippet:-1, max-image-preview:large, max-video-preview:-1\" \/>\n<link rel=\"canonical\" href=\"https:\/\/www.pinifri.fr\/Portfolio\/design-graphique\/logo-ularius\/\" \/>\n<meta property=\"og:locale\" content=\"fr_FR\" \/>\n<meta property=\"og:type\" content=\"article\" \/>\n<meta property=\"og:title\" content=\"Cr\u00e9ation du logo &quot;Ularius&quot;, agence immobili\u00e8re sur Ol\u00e9ron.\" \/>\n<meta property=\"og:description\" content=\"R\u00e9alisation avec le logiciel ADOBE Illustrator 2019 pour le logo d&#039;une agence immobli\u00e8re se trouvant \u00e0 Ol\u00e9ron. La bou\u00e9e pour le c\u00f4t\u00e9 oc\u00e9an.\" \/>\n<meta property=\"og:url\" content=\"https:\/\/www.pinifri.fr\/Portfolio\/design-graphique\/logo-ularius\/\" \/>\n<meta property=\"og:site_name\" content=\"Portfolio\" \/>\n<meta property=\"article:modified_time\" content=\"2020-06-16T10:38:58+00:00\" \/>\n<meta property=\"og:image\" content=\"https:\/\/www.pinifri.fr\/Portfolio\/wp-content\/uploads\/2020\/05\/logo-Ularius-3800x1550-1-scaled.jpg\" \/>\n<meta name=\"twitter:card\" content=\"summary_large_image\" \/>\n<script type=\"application\/ld+json\" class=\"yoast-schema-graph\">{\"@context\":\"https:\\\/\\\/schema.org\",\"@graph\":[{\"@type\":\"WebPage\",\"@id\":\"https:\\\/\\\/www.pinifri.fr\\\/Portfolio\\\/design-graphique\\\/logo-ularius\\\/\",\"url\":\"https:\\\/\\\/www.pinifri.fr\\\/Portfolio\\\/design-graphique\\\/logo-ularius\\\/\",\"name\":\"Cr\u00e9ation du logo \\\"Ularius\\\", agence immobili\u00e8re sur Ol\u00e9ron.\",\"isPartOf\":{\"@id\":\"https:\\\/\\\/www.pinifri.fr\\\/Portfolio\\\/#website\"},\"primaryImageOfPage\":{\"@id\":\"https:\\\/\\\/www.pinifri.fr\\\/Portfolio\\\/design-graphique\\\/logo-ularius\\\/#primaryimage\"},\"image\":{\"@id\":\"https:\\\/\\\/www.pinifri.fr\\\/Portfolio\\\/design-graphique\\\/logo-ularius\\\/#primaryimage\"},\"thumbnailUrl\":\"https:\\\/\\\/www.pinifri.fr\\\/Portfolio\\\/wp-content\\\/uploads\\\/2020\\\/05\\\/logo-Ularius-3800x1550-1-scaled.jpg\",\"datePublished\":\"2020-05-10T19:59:08+00:00\",\"dateModified\":\"2020-06-16T10:38:58+00:00\",\"description\":\"R\u00e9alisation avec le logiciel ADOBE Illustrator 2019 pour le logo d'une agence immobli\u00e8re se trouvant \u00e0 Ol\u00e9ron. La bou\u00e9e pour le c\u00f4t\u00e9 oc\u00e9an.\",\"breadcrumb\":{\"@id\":\"https:\\\/\\\/www.pinifri.fr\\\/Portfolio\\\/design-graphique\\\/logo-ularius\\\/#breadcrumb\"},\"inLanguage\":\"fr-FR\",\"potentialAction\":[{\"@type\":\"ReadAction\",\"target\":[\"https:\\\/\\\/www.pinifri.fr\\\/Portfolio\\\/design-graphique\\\/logo-ularius\\\/\"]}]},{\"@type\":\"ImageObject\",\"inLanguage\":\"fr-FR\",\"@id\":\"https:\\\/\\\/www.pinifri.fr\\\/Portfolio\\\/design-graphique\\\/logo-ularius\\\/#primaryimage\",\"url\":\"https:\\\/\\\/www.pinifri.fr\\\/Portfolio\\\/wp-content\\\/uploads\\\/2020\\\/05\\\/logo-Ularius-3800x1550-1-scaled.jpg\",\"contentUrl\":\"https:\\\/\\\/www.pinifri.fr\\\/Portfolio\\\/wp-content\\\/uploads\\\/2020\\\/05\\\/logo-Ularius-3800x1550-1-scaled.jpg\",\"width\":2560,\"height\":1044,\"caption\":\"Photo logo Ularius\"},{\"@type\":\"BreadcrumbList\",\"@id\":\"https:\\\/\\\/www.pinifri.fr\\\/Portfolio\\\/design-graphique\\\/logo-ularius\\\/#breadcrumb\",\"itemListElement\":[{\"@type\":\"ListItem\",\"position\":1,\"name\":\"Accueil\",\"item\":\"https:\\\/\\\/www.pinifri.fr\\\/Portfolio\\\/\"},{\"@type\":\"ListItem\",\"position\":2,\"name\":\"Design graphique\",\"item\":\"https:\\\/\\\/www.pinifri.fr\\\/Portfolio\\\/design-graphique\\\/\"},{\"@type\":\"ListItem\",\"position\":3,\"name\":\"Logo &#8220;Ularius&#8221;\"}]},{\"@type\":\"WebSite\",\"@id\":\"https:\\\/\\\/www.pinifri.fr\\\/Portfolio\\\/#website\",\"url\":\"https:\\\/\\\/www.pinifri.fr\\\/Portfolio\\\/\",\"name\":\"Portfolio\",\"description\":\" de Sandrine Beauc\u00f4t\u00e9 ...\",\"publisher\":{\"@id\":\"https:\\\/\\\/www.pinifri.fr\\\/Portfolio\\\/#organization\"},\"potentialAction\":[{\"@type\":\"SearchAction\",\"target\":{\"@type\":\"EntryPoint\",\"urlTemplate\":\"https:\\\/\\\/www.pinifri.fr\\\/Portfolio\\\/?s={search_term_string}\"},\"query-input\":{\"@type\":\"PropertyValueSpecification\",\"valueRequired\":true,\"valueName\":\"search_term_string\"}}],\"inLanguage\":\"fr-FR\"},{\"@type\":\"Organization\",\"@id\":\"https:\\\/\\\/www.pinifri.fr\\\/Portfolio\\\/#organization\",\"name\":\"Portfolio\",\"url\":\"https:\\\/\\\/www.pinifri.fr\\\/Portfolio\\\/\",\"logo\":{\"@type\":\"ImageObject\",\"inLanguage\":\"fr-FR\",\"@id\":\"https:\\\/\\\/www.pinifri.fr\\\/Portfolio\\\/#\\\/schema\\\/logo\\\/image\\\/\",\"url\":\"https:\\\/\\\/www.pinifri.fr\\\/Portfolio\\\/wp-content\\\/uploads\\\/2020\\\/04\\\/cropped-logo-426px.png\",\"contentUrl\":\"https:\\\/\\\/www.pinifri.fr\\\/Portfolio\\\/wp-content\\\/uploads\\\/2020\\\/04\\\/cropped-logo-426px.png\",\"width\":318,\"height\":302,\"caption\":\"Portfolio\"},\"image\":{\"@id\":\"https:\\\/\\\/www.pinifri.fr\\\/Portfolio\\\/#\\\/schema\\\/logo\\\/image\\\/\"}}]}<\/script>\n<!-- \/ Yoast SEO plugin. -->","yoast_head_json":{"title":"Cr\u00e9ation du logo \"Ularius\", agence immobili\u00e8re sur Ol\u00e9ron.","description":"R\u00e9alisation avec le logiciel ADOBE Illustrator 2019 pour le logo d'une agence immobli\u00e8re se trouvant \u00e0 Ol\u00e9ron. La bou\u00e9e pour le c\u00f4t\u00e9 oc\u00e9an.","robots":{"index":"index","follow":"follow","max-snippet":"max-snippet:-1","max-image-preview":"max-image-preview:large","max-video-preview":"max-video-preview:-1"},"canonical":"https:\/\/www.pinifri.fr\/Portfolio\/design-graphique\/logo-ularius\/","og_locale":"fr_FR","og_type":"article","og_title":"Cr\u00e9ation du logo \"Ularius\", agence immobili\u00e8re sur Ol\u00e9ron.","og_description":"R\u00e9alisation avec le logiciel ADOBE Illustrator 2019 pour le logo d'une agence immobli\u00e8re se trouvant \u00e0 Ol\u00e9ron. La bou\u00e9e pour le c\u00f4t\u00e9 oc\u00e9an.","og_url":"https:\/\/www.pinifri.fr\/Portfolio\/design-graphique\/logo-ularius\/","og_site_name":"Portfolio","article_modified_time":"2020-06-16T10:38:58+00:00","og_image":[{"url":"https:\/\/www.pinifri.fr\/Portfolio\/wp-content\/uploads\/2020\/05\/logo-Ularius-3800x1550-1-scaled.jpg","type":"","width":"","height":""}],"twitter_card":"summary_large_image","schema":{"@context":"https:\/\/schema.org","@graph":[{"@type":"WebPage","@id":"https:\/\/www.pinifri.fr\/Portfolio\/design-graphique\/logo-ularius\/","url":"https:\/\/www.pinifri.fr\/Portfolio\/design-graphique\/logo-ularius\/","name":"Cr\u00e9ation du logo \"Ularius\", agence immobili\u00e8re sur Ol\u00e9ron.","isPartOf":{"@id":"https:\/\/www.pinifri.fr\/Portfolio\/#website"},"primaryImageOfPage":{"@id":"https:\/\/www.pinifri.fr\/Portfolio\/design-graphique\/logo-ularius\/#primaryimage"},"image":{"@id":"https:\/\/www.pinifri.fr\/Portfolio\/design-graphique\/logo-ularius\/#primaryimage"},"thumbnailUrl":"https:\/\/www.pinifri.fr\/Portfolio\/wp-content\/uploads\/2020\/05\/logo-Ularius-3800x1550-1-scaled.jpg","datePublished":"2020-05-10T19:59:08+00:00","dateModified":"2020-06-16T10:38:58+00:00","description":"R\u00e9alisation avec le logiciel ADOBE Illustrator 2019 pour le logo d'une agence immobli\u00e8re se trouvant \u00e0 Ol\u00e9ron. La bou\u00e9e pour le c\u00f4t\u00e9 oc\u00e9an.","breadcrumb":{"@id":"https:\/\/www.pinifri.fr\/Portfolio\/design-graphique\/logo-ularius\/#breadcrumb"},"inLanguage":"fr-FR","potentialAction":[{"@type":"ReadAction","target":["https:\/\/www.pinifri.fr\/Portfolio\/design-graphique\/logo-ularius\/"]}]},{"@type":"ImageObject","inLanguage":"fr-FR","@id":"https:\/\/www.pinifri.fr\/Portfolio\/design-graphique\/logo-ularius\/#primaryimage","url":"https:\/\/www.pinifri.fr\/Portfolio\/wp-content\/uploads\/2020\/05\/logo-Ularius-3800x1550-1-scaled.jpg","contentUrl":"https:\/\/www.pinifri.fr\/Portfolio\/wp-content\/uploads\/2020\/05\/logo-Ularius-3800x1550-1-scaled.jpg","width":2560,"height":1044,"caption":"Photo logo Ularius"},{"@type":"BreadcrumbList","@id":"https:\/\/www.pinifri.fr\/Portfolio\/design-graphique\/logo-ularius\/#breadcrumb","itemListElement":[{"@type":"ListItem","position":1,"name":"Accueil","item":"https:\/\/www.pinifri.fr\/Portfolio\/"},{"@type":"ListItem","position":2,"name":"Design graphique","item":"https:\/\/www.pinifri.fr\/Portfolio\/design-graphique\/"},{"@type":"ListItem","position":3,"name":"Logo &#8220;Ularius&#8221;"}]},{"@type":"WebSite","@id":"https:\/\/www.pinifri.fr\/Portfolio\/#website","url":"https:\/\/www.pinifri.fr\/Portfolio\/","name":"Portfolio","description":" de Sandrine Beauc\u00f4t\u00e9 ...","publisher":{"@id":"https:\/\/www.pinifri.fr\/Portfolio\/#organization"},"potentialAction":[{"@type":"SearchAction","target":{"@type":"EntryPoint","urlTemplate":"https:\/\/www.pinifri.fr\/Portfolio\/?s={search_term_string}"},"query-input":{"@type":"PropertyValueSpecification","valueRequired":true,"valueName":"search_term_string"}}],"inLanguage":"fr-FR"},{"@type":"Organization","@id":"https:\/\/www.pinifri.fr\/Portfolio\/#organization","name":"Portfolio","url":"https:\/\/www.pinifri.fr\/Portfolio\/","logo":{"@type":"ImageObject","inLanguage":"fr-FR","@id":"https:\/\/www.pinifri.fr\/Portfolio\/#\/schema\/logo\/image\/","url":"https:\/\/www.pinifri.fr\/Portfolio\/wp-content\/uploads\/2020\/04\/cropped-logo-426px.png","contentUrl":"https:\/\/www.pinifri.fr\/Portfolio\/wp-content\/uploads\/2020\/04\/cropped-logo-426px.png","width":318,"height":302,"caption":"Portfolio"},"image":{"@id":"https:\/\/www.pinifri.fr\/Portfolio\/#\/schema\/logo\/image\/"}}]}},"_links":{"self":[{"href":"https:\/\/www.pinifri.fr\/Portfolio\/wp-json\/wp\/v2\/pages\/128","targetHints":{"allow":["GET"]}}],"collection":[{"href":"https:\/\/www.pinifri.fr\/Portfolio\/wp-json\/wp\/v2\/pages"}],"about":[{"href":"https:\/\/www.pinifri.fr\/Portfolio\/wp-json\/wp\/v2\/types\/page"}],"author":[{"embeddable":true,"href":"https:\/\/www.pinifri.fr\/Portfolio\/wp-json\/wp\/v2\/users\/1"}],"replies":[{"embeddable":true,"href":"https:\/\/www.pinifri.fr\/Portfolio\/wp-json\/wp\/v2\/comments?post=128"}],"version-history":[{"count":4,"href":"https:\/\/www.pinifri.fr\/Portfolio\/wp-json\/wp\/v2\/pages\/128\/revisions"}],"predecessor-version":[{"id":732,"href":"https:\/\/www.pinifri.fr\/Portfolio\/wp-json\/wp\/v2\/pages\/128\/revisions\/732"}],"up":[{"embeddable":true,"href":"https:\/\/www.pinifri.fr\/Portfolio\/wp-json\/wp\/v2\/pages\/8"}],"wp:attachment":[{"href":"https:\/\/www.pinifri.fr\/Portfolio\/wp-json\/wp\/v2\/media?parent=128"}],"curies":[{"name":"wp","href":"https:\/\/api.w.org\/{rel}","templated":true}]}}