{"id":150,"date":"2020-05-11T22:06:13","date_gmt":"2020-05-11T20:06:13","guid":{"rendered":"https:\/\/www.pinifri.fr\/Portfolio\/?page_id=150"},"modified":"2021-05-15T13:29:51","modified_gmt":"2021-05-15T11:29:51","slug":"carnet-de-voyages","status":"publish","type":"page","link":"https:\/\/www.pinifri.fr\/Portfolio\/design-graphique\/carnet-de-voyages\/","title":{"rendered":"Carnet de voyages"},"content":{"rendered":"\t\t<div data-elementor-type=\"wp-page\" data-elementor-id=\"150\" class=\"elementor elementor-150\" data-elementor-settings=\"{&quot;ha_cmc_init_switcher&quot;:&quot;no&quot;}\" data-elementor-post-type=\"page\">\n\t\t\t\t\t\t<section class=\"has_eae_slider elementor-section elementor-top-section elementor-element elementor-element-fbefdad elementor-section-boxed elementor-section-height-default elementor-section-height-default\" data-eae-slider=\"42860\" data-id=\"fbefdad\" data-element_type=\"section\" data-e-type=\"section\" data-settings=\"{&quot;_ha_eqh_enable&quot;:false}\">\n\t\t\t\t\t\t<div class=\"elementor-container elementor-column-gap-default\">\n\t\t\t\t\t<div class=\"has_eae_slider elementor-column elementor-col-100 elementor-top-column elementor-element elementor-element-dcdf1d0\" data-eae-slider=\"31614\" data-id=\"dcdf1d0\" data-element_type=\"column\" data-e-type=\"column\">\n\t\t\t<div class=\"elementor-widget-wrap elementor-element-populated\">\n\t\t\t\t\t\t<div class=\"elementor-element elementor-element-9cf13ae animated-slow elementor-invisible elementor-widget elementor-widget-text-editor\" data-id=\"9cf13ae\" data-element_type=\"widget\" data-e-type=\"widget\" data-settings=\"{&quot;_animation&quot;:&quot;fadeIn&quot;}\" data-widget_type=\"text-editor.default\">\n\t\t\t\t<div class=\"elementor-widget-container\">\n\t\t\t\t\t\t\t\t\t<p>Exercice r\u00e9alis\u00e9 pendant ma formation de Web designer. Cr\u00e9ation d&rsquo;un magazine comportant une couverture, un sommaire et une pagination automatique &#8230;\u00a0<\/p>\t\t\t\t\t\t\t\t<\/div>\n\t\t\t\t<\/div>\n\t\t\t\t\t<\/div>\n\t\t<\/div>\n\t\t\t\t\t<\/div>\n\t\t<\/section>\n\t\t\t\t<section class=\"has_eae_slider elementor-section elementor-top-section elementor-element elementor-element-8765f81 elementor-section-boxed elementor-section-height-default elementor-section-height-default\" data-eae-slider=\"40327\" data-id=\"8765f81\" data-element_type=\"section\" data-e-type=\"section\" data-settings=\"{&quot;_ha_eqh_enable&quot;:false}\">\n\t\t\t\t\t\t<div class=\"elementor-container elementor-column-gap-default\">\n\t\t\t\t\t<div class=\"has_eae_slider elementor-column elementor-col-100 elementor-top-column elementor-element elementor-element-c706d01\" data-eae-slider=\"97407\" data-id=\"c706d01\" data-element_type=\"column\" data-e-type=\"column\">\n\t\t\t<div class=\"elementor-widget-wrap elementor-element-populated\">\n\t\t\t\t\t\t<div class=\"elementor-element elementor-element-4536f88 animated-slow elementor-arrows-position-inside elementor-pagination-position-outside elementor-invisible elementor-widget elementor-widget-image-carousel\" data-id=\"4536f88\" data-element_type=\"widget\" data-e-type=\"widget\" data-settings=\"{&quot;slides_to_show&quot;:&quot;1&quot;,&quot;autoplay&quot;:&quot;no&quot;,&quot;infinite&quot;:&quot;no&quot;,&quot;_animation&quot;:&quot;fadeInUp&quot;,&quot;navigation&quot;:&quot;both&quot;,&quot;effect&quot;:&quot;slide&quot;,&quot;speed&quot;:500}\" data-widget_type=\"image-carousel.default\">\n\t\t\t\t<div class=\"elementor-widget-container\">\n\t\t\t\t\t\t\t<div class=\"elementor-image-carousel-wrapper swiper\" role=\"region\" aria-roledescription=\"carousel\" aria-label=\"Carrousel d\u2019images\" dir=\"ltr\">\n\t\t\t<div class=\"elementor-image-carousel swiper-wrapper swiper-image-stretch\" aria-live=\"polite\">\n\t\t\t\t\t\t\t\t<div class=\"swiper-slide\" role=\"group\" aria-roledescription=\"slide\" aria-label=\"1 sur 7\"><figure class=\"swiper-slide-inner\"><img decoding=\"async\" class=\"swiper-slide-image\" src=\"https:\/\/www.pinifri.fr\/Portfolio\/wp-content\/uploads\/2020\/05\/Couv-Carnet-V-2600x1170-1-scaled.jpg\" alt=\"Photo magazine voyages Pinifri\" \/><\/figure><\/div><div class=\"swiper-slide\" role=\"group\" aria-roledescription=\"slide\" aria-label=\"2 sur 7\"><figure class=\"swiper-slide-inner\"><img decoding=\"async\" class=\"swiper-slide-image\" src=\"https:\/\/www.pinifri.fr\/Portfolio\/wp-content\/uploads\/2020\/05\/1Carnet-V-2600x1170-1-scaled.jpg\" alt=\"photo carnet de voyages\" \/><\/figure><\/div><div class=\"swiper-slide\" role=\"group\" aria-roledescription=\"slide\" aria-label=\"3 sur 7\"><figure class=\"swiper-slide-inner\"><img decoding=\"async\" class=\"swiper-slide-image\" src=\"https:\/\/www.pinifri.fr\/Portfolio\/wp-content\/uploads\/2020\/05\/2Carnet-V-2600x1170-1-scaled.jpg\" alt=\"photo carnet de voyages\" \/><\/figure><\/div><div class=\"swiper-slide\" role=\"group\" aria-roledescription=\"slide\" aria-label=\"4 sur 7\"><figure class=\"swiper-slide-inner\"><img decoding=\"async\" class=\"swiper-slide-image\" src=\"https:\/\/www.pinifri.fr\/Portfolio\/wp-content\/uploads\/2020\/05\/3Carnet-V-2600x1170-1-scaled.jpg\" alt=\"photo carnet de voyages\" \/><\/figure><\/div><div class=\"swiper-slide\" role=\"group\" aria-roledescription=\"slide\" aria-label=\"5 sur 7\"><figure class=\"swiper-slide-inner\"><img decoding=\"async\" class=\"swiper-slide-image\" src=\"https:\/\/www.pinifri.fr\/Portfolio\/wp-content\/uploads\/2020\/05\/4Carnet-V-2600x1170-1-scaled.jpg\" alt=\"photo carnet de voyages\" \/><\/figure><\/div><div class=\"swiper-slide\" role=\"group\" aria-roledescription=\"slide\" aria-label=\"6 sur 7\"><figure class=\"swiper-slide-inner\"><img decoding=\"async\" class=\"swiper-slide-image\" src=\"https:\/\/www.pinifri.fr\/Portfolio\/wp-content\/uploads\/2020\/05\/5Carnet-V-2600x1170-1-scaled.jpg\" alt=\"photo carnet de voyages\" \/><\/figure><\/div><div class=\"swiper-slide\" role=\"group\" aria-roledescription=\"slide\" aria-label=\"7 sur 7\"><figure class=\"swiper-slide-inner\"><img decoding=\"async\" class=\"swiper-slide-image\" src=\"https:\/\/www.pinifri.fr\/Portfolio\/wp-content\/uploads\/2020\/05\/6Carnet-V-2600x1170-1-scaled.jpg\" alt=\"photo carnet de voyages\" \/><\/figure><\/div>\t\t\t<\/div>\n\t\t\t\t\t\t\t\t\t\t\t\t<div class=\"elementor-swiper-button elementor-swiper-button-prev\" role=\"button\" tabindex=\"0\">\n\t\t\t\t\t\t<svg aria-hidden=\"true\" class=\"e-font-icon-svg e-eicon-chevron-left\" viewBox=\"0 0 1000 1000\" xmlns=\"http:\/\/www.w3.org\/2000\/svg\"><path d=\"M646 125C629 125 613 133 604 142L308 442C296 454 292 471 292 487 292 504 296 521 308 533L604 854C617 867 629 875 646 875 663 875 679 871 692 858 704 846 713 829 713 812 713 796 708 779 692 767L438 487 692 225C700 217 708 204 708 187 708 171 704 154 692 142 675 129 663 125 646 125Z\"><\/path><\/svg>\t\t\t\t\t<\/div>\n\t\t\t\t\t<div class=\"elementor-swiper-button elementor-swiper-button-next\" role=\"button\" tabindex=\"0\">\n\t\t\t\t\t\t<svg aria-hidden=\"true\" class=\"e-font-icon-svg e-eicon-chevron-right\" viewBox=\"0 0 1000 1000\" xmlns=\"http:\/\/www.w3.org\/2000\/svg\"><path d=\"M696 533C708 521 713 504 713 487 713 471 708 454 696 446L400 146C388 133 375 125 354 125 338 125 325 129 313 142 300 154 292 171 292 187 292 204 296 221 308 233L563 492 304 771C292 783 288 800 288 817 288 833 296 850 308 863 321 871 338 875 354 875 371 875 388 867 400 854L696 533Z\"><\/path><\/svg>\t\t\t\t\t<\/div>\n\t\t\t\t\n\t\t\t\t\t\t\t\t\t<div class=\"swiper-pagination\"><\/div>\n\t\t\t\t\t\t\t\t\t<\/div>\n\t\t\t\t\t\t<\/div>\n\t\t\t\t<\/div>\n\t\t\t\t\t<\/div>\n\t\t<\/div>\n\t\t\t\t\t<\/div>\n\t\t<\/section>\n\t\t\t\t<\/div>\n\t\t","protected":false},"excerpt":{"rendered":"<p>Exercice r\u00e9alis\u00e9 pendant ma formation de Web designer. Cr\u00e9ation d&rsquo;un magazine comportant une couverture, un sommaire et une pagination automatique [&hellip;]<\/p>\n","protected":false},"author":1,"featured_media":0,"parent":8,"menu_order":0,"comment_status":"closed","ping_status":"closed","template":"page-templates\/template_fullwidth.php","meta":{"_eb_attr":"","_monsterinsights_skip_tracking":false,"_monsterinsights_sitenote_active":false,"_monsterinsights_sitenote_note":"","_monsterinsights_sitenote_category":0,"_uf_show_specific_survey":0,"_uf_disable_surveys":false,"footnotes":""},"class_list":["post-150","page","type-page","status-publish","hentry","clearfix"],"aioseo_notices":[],"yoast_head":"<!-- This site is optimized with the Yoast SEO plugin v27.5 - https:\/\/yoast.com\/product\/yoast-seo-wordpress\/ -->\n<title>Carnet de voyages, photos de paysages somptueux ...<\/title>\n<meta name=\"description\" content=\"Exercice r\u00e9alis\u00e9 pendant ma formation de Web Designer au CEFii d&#039;Angers. Le logiciel utilis\u00e9 est InDesign de la suite ADOBE ...\" \/>\n<meta name=\"robots\" content=\"index, follow, max-snippet:-1, max-image-preview:large, max-video-preview:-1\" \/>\n<link rel=\"canonical\" href=\"https:\/\/www.pinifri.fr\/Portfolio\/design-graphique\/carnet-de-voyages\/\" \/>\n<meta property=\"og:locale\" content=\"fr_FR\" \/>\n<meta property=\"og:type\" content=\"article\" \/>\n<meta property=\"og:title\" content=\"Carnet de voyages, photos de paysages somptueux ...\" \/>\n<meta property=\"og:description\" content=\"Exercice r\u00e9alis\u00e9 pendant ma formation de Web Designer au CEFii d&#039;Angers. Le logiciel utilis\u00e9 est InDesign de la suite ADOBE ...\" \/>\n<meta property=\"og:url\" content=\"https:\/\/www.pinifri.fr\/Portfolio\/design-graphique\/carnet-de-voyages\/\" \/>\n<meta property=\"og:site_name\" content=\"Portfolio\" \/>\n<meta property=\"article:modified_time\" content=\"2021-05-15T11:29:51+00:00\" \/>\n<meta property=\"og:image\" content=\"https:\/\/www.pinifri.fr\/Portfolio\/wp-content\/uploads\/2020\/05\/Couv-Carnet-V-2600x1170-1-scaled.jpg\" \/>\n<meta name=\"twitter:card\" content=\"summary_large_image\" \/>\n<meta name=\"twitter:label1\" content=\"Dur\u00e9e de lecture estim\u00e9e\" \/>\n\t<meta name=\"twitter:data1\" content=\"2 minutes\" \/>\n<script type=\"application\/ld+json\" class=\"yoast-schema-graph\">{\"@context\":\"https:\\\/\\\/schema.org\",\"@graph\":[{\"@type\":\"WebPage\",\"@id\":\"https:\\\/\\\/www.pinifri.fr\\\/Portfolio\\\/design-graphique\\\/carnet-de-voyages\\\/\",\"url\":\"https:\\\/\\\/www.pinifri.fr\\\/Portfolio\\\/design-graphique\\\/carnet-de-voyages\\\/\",\"name\":\"Carnet de voyages, photos de paysages somptueux ...\",\"isPartOf\":{\"@id\":\"https:\\\/\\\/www.pinifri.fr\\\/Portfolio\\\/#website\"},\"primaryImageOfPage\":{\"@id\":\"https:\\\/\\\/www.pinifri.fr\\\/Portfolio\\\/design-graphique\\\/carnet-de-voyages\\\/#primaryimage\"},\"image\":{\"@id\":\"https:\\\/\\\/www.pinifri.fr\\\/Portfolio\\\/design-graphique\\\/carnet-de-voyages\\\/#primaryimage\"},\"thumbnailUrl\":\"https:\\\/\\\/www.pinifri.fr\\\/Portfolio\\\/wp-content\\\/uploads\\\/2020\\\/05\\\/Couv-Carnet-V-2600x1170-1-scaled.jpg\",\"datePublished\":\"2020-05-11T20:06:13+00:00\",\"dateModified\":\"2021-05-15T11:29:51+00:00\",\"description\":\"Exercice r\u00e9alis\u00e9 pendant ma formation de Web Designer au CEFii d'Angers. Le logiciel utilis\u00e9 est InDesign de la suite ADOBE ...\",\"breadcrumb\":{\"@id\":\"https:\\\/\\\/www.pinifri.fr\\\/Portfolio\\\/design-graphique\\\/carnet-de-voyages\\\/#breadcrumb\"},\"inLanguage\":\"fr-FR\",\"potentialAction\":[{\"@type\":\"ReadAction\",\"target\":[\"https:\\\/\\\/www.pinifri.fr\\\/Portfolio\\\/design-graphique\\\/carnet-de-voyages\\\/\"]}]},{\"@type\":\"ImageObject\",\"inLanguage\":\"fr-FR\",\"@id\":\"https:\\\/\\\/www.pinifri.fr\\\/Portfolio\\\/design-graphique\\\/carnet-de-voyages\\\/#primaryimage\",\"url\":\"https:\\\/\\\/www.pinifri.fr\\\/Portfolio\\\/wp-content\\\/uploads\\\/2020\\\/05\\\/Couv-Carnet-V-2600x1170-1-scaled.jpg\",\"contentUrl\":\"https:\\\/\\\/www.pinifri.fr\\\/Portfolio\\\/wp-content\\\/uploads\\\/2020\\\/05\\\/Couv-Carnet-V-2600x1170-1-scaled.jpg\",\"width\":2560,\"height\":1152,\"caption\":\"Photo magazine voyages Pinifri\"},{\"@type\":\"BreadcrumbList\",\"@id\":\"https:\\\/\\\/www.pinifri.fr\\\/Portfolio\\\/design-graphique\\\/carnet-de-voyages\\\/#breadcrumb\",\"itemListElement\":[{\"@type\":\"ListItem\",\"position\":1,\"name\":\"Accueil\",\"item\":\"https:\\\/\\\/www.pinifri.fr\\\/Portfolio\\\/\"},{\"@type\":\"ListItem\",\"position\":2,\"name\":\"Design graphique\",\"item\":\"https:\\\/\\\/www.pinifri.fr\\\/Portfolio\\\/design-graphique\\\/\"},{\"@type\":\"ListItem\",\"position\":3,\"name\":\"Carnet de voyages\"}]},{\"@type\":\"WebSite\",\"@id\":\"https:\\\/\\\/www.pinifri.fr\\\/Portfolio\\\/#website\",\"url\":\"https:\\\/\\\/www.pinifri.fr\\\/Portfolio\\\/\",\"name\":\"Portfolio\",\"description\":\" de Sandrine Beauc\u00f4t\u00e9 ...\",\"publisher\":{\"@id\":\"https:\\\/\\\/www.pinifri.fr\\\/Portfolio\\\/#organization\"},\"potentialAction\":[{\"@type\":\"SearchAction\",\"target\":{\"@type\":\"EntryPoint\",\"urlTemplate\":\"https:\\\/\\\/www.pinifri.fr\\\/Portfolio\\\/?s={search_term_string}\"},\"query-input\":{\"@type\":\"PropertyValueSpecification\",\"valueRequired\":true,\"valueName\":\"search_term_string\"}}],\"inLanguage\":\"fr-FR\"},{\"@type\":\"Organization\",\"@id\":\"https:\\\/\\\/www.pinifri.fr\\\/Portfolio\\\/#organization\",\"name\":\"Portfolio\",\"url\":\"https:\\\/\\\/www.pinifri.fr\\\/Portfolio\\\/\",\"logo\":{\"@type\":\"ImageObject\",\"inLanguage\":\"fr-FR\",\"@id\":\"https:\\\/\\\/www.pinifri.fr\\\/Portfolio\\\/#\\\/schema\\\/logo\\\/image\\\/\",\"url\":\"https:\\\/\\\/www.pinifri.fr\\\/Portfolio\\\/wp-content\\\/uploads\\\/2020\\\/04\\\/cropped-logo-426px.png\",\"contentUrl\":\"https:\\\/\\\/www.pinifri.fr\\\/Portfolio\\\/wp-content\\\/uploads\\\/2020\\\/04\\\/cropped-logo-426px.png\",\"width\":318,\"height\":302,\"caption\":\"Portfolio\"},\"image\":{\"@id\":\"https:\\\/\\\/www.pinifri.fr\\\/Portfolio\\\/#\\\/schema\\\/logo\\\/image\\\/\"}}]}<\/script>\n<!-- \/ Yoast SEO plugin. -->","yoast_head_json":{"title":"Carnet de voyages, photos de paysages somptueux ...","description":"Exercice r\u00e9alis\u00e9 pendant ma formation de Web Designer au CEFii d'Angers. Le logiciel utilis\u00e9 est InDesign de la suite ADOBE ...","robots":{"index":"index","follow":"follow","max-snippet":"max-snippet:-1","max-image-preview":"max-image-preview:large","max-video-preview":"max-video-preview:-1"},"canonical":"https:\/\/www.pinifri.fr\/Portfolio\/design-graphique\/carnet-de-voyages\/","og_locale":"fr_FR","og_type":"article","og_title":"Carnet de voyages, photos de paysages somptueux ...","og_description":"Exercice r\u00e9alis\u00e9 pendant ma formation de Web Designer au CEFii d'Angers. Le logiciel utilis\u00e9 est InDesign de la suite ADOBE ...","og_url":"https:\/\/www.pinifri.fr\/Portfolio\/design-graphique\/carnet-de-voyages\/","og_site_name":"Portfolio","article_modified_time":"2021-05-15T11:29:51+00:00","og_image":[{"url":"https:\/\/www.pinifri.fr\/Portfolio\/wp-content\/uploads\/2020\/05\/Couv-Carnet-V-2600x1170-1-scaled.jpg","type":"","width":"","height":""}],"twitter_card":"summary_large_image","twitter_misc":{"Dur\u00e9e de lecture estim\u00e9e":"2 minutes"},"schema":{"@context":"https:\/\/schema.org","@graph":[{"@type":"WebPage","@id":"https:\/\/www.pinifri.fr\/Portfolio\/design-graphique\/carnet-de-voyages\/","url":"https:\/\/www.pinifri.fr\/Portfolio\/design-graphique\/carnet-de-voyages\/","name":"Carnet de voyages, photos de paysages somptueux ...","isPartOf":{"@id":"https:\/\/www.pinifri.fr\/Portfolio\/#website"},"primaryImageOfPage":{"@id":"https:\/\/www.pinifri.fr\/Portfolio\/design-graphique\/carnet-de-voyages\/#primaryimage"},"image":{"@id":"https:\/\/www.pinifri.fr\/Portfolio\/design-graphique\/carnet-de-voyages\/#primaryimage"},"thumbnailUrl":"https:\/\/www.pinifri.fr\/Portfolio\/wp-content\/uploads\/2020\/05\/Couv-Carnet-V-2600x1170-1-scaled.jpg","datePublished":"2020-05-11T20:06:13+00:00","dateModified":"2021-05-15T11:29:51+00:00","description":"Exercice r\u00e9alis\u00e9 pendant ma formation de Web Designer au CEFii d'Angers. Le logiciel utilis\u00e9 est InDesign de la suite ADOBE ...","breadcrumb":{"@id":"https:\/\/www.pinifri.fr\/Portfolio\/design-graphique\/carnet-de-voyages\/#breadcrumb"},"inLanguage":"fr-FR","potentialAction":[{"@type":"ReadAction","target":["https:\/\/www.pinifri.fr\/Portfolio\/design-graphique\/carnet-de-voyages\/"]}]},{"@type":"ImageObject","inLanguage":"fr-FR","@id":"https:\/\/www.pinifri.fr\/Portfolio\/design-graphique\/carnet-de-voyages\/#primaryimage","url":"https:\/\/www.pinifri.fr\/Portfolio\/wp-content\/uploads\/2020\/05\/Couv-Carnet-V-2600x1170-1-scaled.jpg","contentUrl":"https:\/\/www.pinifri.fr\/Portfolio\/wp-content\/uploads\/2020\/05\/Couv-Carnet-V-2600x1170-1-scaled.jpg","width":2560,"height":1152,"caption":"Photo magazine voyages Pinifri"},{"@type":"BreadcrumbList","@id":"https:\/\/www.pinifri.fr\/Portfolio\/design-graphique\/carnet-de-voyages\/#breadcrumb","itemListElement":[{"@type":"ListItem","position":1,"name":"Accueil","item":"https:\/\/www.pinifri.fr\/Portfolio\/"},{"@type":"ListItem","position":2,"name":"Design graphique","item":"https:\/\/www.pinifri.fr\/Portfolio\/design-graphique\/"},{"@type":"ListItem","position":3,"name":"Carnet de voyages"}]},{"@type":"WebSite","@id":"https:\/\/www.pinifri.fr\/Portfolio\/#website","url":"https:\/\/www.pinifri.fr\/Portfolio\/","name":"Portfolio","description":" de Sandrine Beauc\u00f4t\u00e9 ...","publisher":{"@id":"https:\/\/www.pinifri.fr\/Portfolio\/#organization"},"potentialAction":[{"@type":"SearchAction","target":{"@type":"EntryPoint","urlTemplate":"https:\/\/www.pinifri.fr\/Portfolio\/?s={search_term_string}"},"query-input":{"@type":"PropertyValueSpecification","valueRequired":true,"valueName":"search_term_string"}}],"inLanguage":"fr-FR"},{"@type":"Organization","@id":"https:\/\/www.pinifri.fr\/Portfolio\/#organization","name":"Portfolio","url":"https:\/\/www.pinifri.fr\/Portfolio\/","logo":{"@type":"ImageObject","inLanguage":"fr-FR","@id":"https:\/\/www.pinifri.fr\/Portfolio\/#\/schema\/logo\/image\/","url":"https:\/\/www.pinifri.fr\/Portfolio\/wp-content\/uploads\/2020\/04\/cropped-logo-426px.png","contentUrl":"https:\/\/www.pinifri.fr\/Portfolio\/wp-content\/uploads\/2020\/04\/cropped-logo-426px.png","width":318,"height":302,"caption":"Portfolio"},"image":{"@id":"https:\/\/www.pinifri.fr\/Portfolio\/#\/schema\/logo\/image\/"}}]}},"_links":{"self":[{"href":"https:\/\/www.pinifri.fr\/Portfolio\/wp-json\/wp\/v2\/pages\/150","targetHints":{"allow":["GET"]}}],"collection":[{"href":"https:\/\/www.pinifri.fr\/Portfolio\/wp-json\/wp\/v2\/pages"}],"about":[{"href":"https:\/\/www.pinifri.fr\/Portfolio\/wp-json\/wp\/v2\/types\/page"}],"author":[{"embeddable":true,"href":"https:\/\/www.pinifri.fr\/Portfolio\/wp-json\/wp\/v2\/users\/1"}],"replies":[{"embeddable":true,"href":"https:\/\/www.pinifri.fr\/Portfolio\/wp-json\/wp\/v2\/comments?post=150"}],"version-history":[{"count":7,"href":"https:\/\/www.pinifri.fr\/Portfolio\/wp-json\/wp\/v2\/pages\/150\/revisions"}],"predecessor-version":[{"id":1166,"href":"https:\/\/www.pinifri.fr\/Portfolio\/wp-json\/wp\/v2\/pages\/150\/revisions\/1166"}],"up":[{"embeddable":true,"href":"https:\/\/www.pinifri.fr\/Portfolio\/wp-json\/wp\/v2\/pages\/8"}],"wp:attachment":[{"href":"https:\/\/www.pinifri.fr\/Portfolio\/wp-json\/wp\/v2\/media?parent=150"}],"curies":[{"name":"wp","href":"https:\/\/api.w.org\/{rel}","templated":true}]}}