{"id":804,"date":"2021-05-07T09:29:31","date_gmt":"2021-05-07T07:29:31","guid":{"rendered":"https:\/\/www.pinifri.fr\/Portfolio\/?page_id=804"},"modified":"2021-05-10T14:07:28","modified_gmt":"2021-05-10T12:07:28","slug":"planche-de-tendances","status":"publish","type":"page","link":"https:\/\/www.pinifri.fr\/Portfolio\/design-graphique\/planche-de-tendances\/","title":{"rendered":"Planche de tendances"},"content":{"rendered":"\t\t<div data-elementor-type=\"wp-page\" data-elementor-id=\"804\" class=\"elementor elementor-804\" data-elementor-settings=\"{&quot;ha_cmc_init_switcher&quot;:&quot;no&quot;}\" data-elementor-post-type=\"page\">\n\t\t\t\t\t\t<section class=\"has_eae_slider elementor-section elementor-top-section elementor-element elementor-element-8de27c4 elementor-section-boxed elementor-section-height-default elementor-section-height-default\" data-eae-slider=\"53958\" data-id=\"8de27c4\" data-element_type=\"section\" data-e-type=\"section\" data-settings=\"{&quot;_ha_eqh_enable&quot;:false}\">\n\t\t\t\t\t\t<div class=\"elementor-container elementor-column-gap-default\">\n\t\t\t\t\t<div class=\"has_eae_slider elementor-column elementor-col-100 elementor-top-column elementor-element elementor-element-b46d79b\" data-eae-slider=\"3507\" data-id=\"b46d79b\" data-element_type=\"column\" data-e-type=\"column\">\n\t\t\t<div class=\"elementor-widget-wrap elementor-element-populated\">\n\t\t\t\t\t\t<div class=\"elementor-element elementor-element-12356ce animated-slow elementor-invisible elementor-widget elementor-widget-text-editor\" data-id=\"12356ce\" data-element_type=\"widget\" data-e-type=\"widget\" data-settings=\"{&quot;_animation&quot;:&quot;fadeIn&quot;}\" data-widget_type=\"text-editor.default\">\n\t\t\t\t<div class=\"elementor-widget-container\">\n\t\t\t\t\t\t\t\t\t<p>Exercice r\u00e9alis\u00e9 au cours de ma formation de Web Designer. Le th\u00e8me demand\u00e9 \u00e9tait de cr\u00e9er une planche de tendances pour la vente de produits BIO en pr\u00e9vision d&rsquo;un futur site internet.<\/p>\t\t\t\t\t\t\t\t<\/div>\n\t\t\t\t<\/div>\n\t\t\t\t\t<\/div>\n\t\t<\/div>\n\t\t\t\t\t<\/div>\n\t\t<\/section>\n\t\t\t\t<section class=\"has_eae_slider elementor-section elementor-top-section elementor-element elementor-element-75681c4 elementor-section-boxed elementor-section-height-default elementor-section-height-default\" data-eae-slider=\"76527\" data-id=\"75681c4\" data-element_type=\"section\" data-e-type=\"section\" data-settings=\"{&quot;_ha_eqh_enable&quot;:false}\">\n\t\t\t\t\t\t<div class=\"elementor-container elementor-column-gap-default\">\n\t\t\t\t\t<div class=\"has_eae_slider elementor-column elementor-col-100 elementor-top-column elementor-element elementor-element-f5ed66d\" data-eae-slider=\"7307\" data-id=\"f5ed66d\" data-element_type=\"column\" data-e-type=\"column\">\n\t\t\t<div class=\"elementor-widget-wrap elementor-element-populated\">\n\t\t\t\t\t\t<div class=\"elementor-element elementor-element-dafc41e animated-slow elementor-invisible elementor-widget elementor-widget-image\" data-id=\"dafc41e\" data-element_type=\"widget\" data-e-type=\"widget\" data-settings=\"{&quot;_animation&quot;:&quot;fadeInUp&quot;}\" data-widget_type=\"image.default\">\n\t\t\t\t<div class=\"elementor-widget-container\">\n\t\t\t\t\t\t\t\t\t\t\t\t\t\t\t<img fetchpriority=\"high\" decoding=\"async\" width=\"2560\" height=\"1536\" src=\"https:\/\/www.pinifri.fr\/Portfolio\/wp-content\/uploads\/2021\/05\/planche-inspiration-mockup-scaled.jpg\" class=\"attachment-full size-full wp-image-800\" alt=\"Planche tendances &quot;Les Cagettes de Camille&quot;\" srcset=\"https:\/\/www.pinifri.fr\/Portfolio\/wp-content\/uploads\/2021\/05\/planche-inspiration-mockup-scaled.jpg 2560w, https:\/\/www.pinifri.fr\/Portfolio\/wp-content\/uploads\/2021\/05\/planche-inspiration-mockup-300x180.jpg 300w, https:\/\/www.pinifri.fr\/Portfolio\/wp-content\/uploads\/2021\/05\/planche-inspiration-mockup-1024x614.jpg 1024w, https:\/\/www.pinifri.fr\/Portfolio\/wp-content\/uploads\/2021\/05\/planche-inspiration-mockup-768x461.jpg 768w, https:\/\/www.pinifri.fr\/Portfolio\/wp-content\/uploads\/2021\/05\/planche-inspiration-mockup-1536x922.jpg 1536w, https:\/\/www.pinifri.fr\/Portfolio\/wp-content\/uploads\/2021\/05\/planche-inspiration-mockup-2048x1229.jpg 2048w, https:\/\/www.pinifri.fr\/Portfolio\/wp-content\/uploads\/2021\/05\/planche-inspiration-mockup-720x432.jpg 720w, https:\/\/www.pinifri.fr\/Portfolio\/wp-content\/uploads\/2021\/05\/planche-inspiration-mockup-820x492.jpg 820w\" sizes=\"(max-width: 2560px) 100vw, 2560px\" \/>\t\t\t\t\t\t\t\t\t\t\t\t\t\t\t<\/div>\n\t\t\t\t<\/div>\n\t\t\t\t\t<\/div>\n\t\t<\/div>\n\t\t\t\t\t<\/div>\n\t\t<\/section>\n\t\t\t\t<\/div>\n\t\t","protected":false},"excerpt":{"rendered":"<p>Exercice r\u00e9alis\u00e9 au cours de ma formation de Web Designer. Le th\u00e8me demand\u00e9 \u00e9tait de cr\u00e9er une planche de tendances [&hellip;]<\/p>\n","protected":false},"author":1,"featured_media":0,"parent":8,"menu_order":0,"comment_status":"closed","ping_status":"closed","template":"page-templates\/template_fullwidth.php","meta":{"_eb_attr":"","_monsterinsights_skip_tracking":false,"_monsterinsights_sitenote_active":false,"_monsterinsights_sitenote_note":"","_monsterinsights_sitenote_category":0,"_uf_show_specific_survey":0,"_uf_disable_surveys":false,"footnotes":""},"class_list":["post-804","page","type-page","status-publish","hentry","clearfix"],"aioseo_notices":[],"yoast_head":"<!-- This site is optimized with the Yoast SEO plugin v27.5 - https:\/\/yoast.com\/product\/yoast-seo-wordpress\/ -->\n<title>Cr\u00e9ation d&#039;une planche de tendances &quot;Les Cagettes de Camille&quot;<\/title>\n<meta name=\"description\" content=\"Dans le cadre d&#039;un exercice donn\u00e9 dont le sujet est : &quot;Les Cagettes de Camille&quot;, j&#039;ai r\u00e9alis\u00e9 une planche tendances.\" \/>\n<meta name=\"robots\" content=\"index, follow, max-snippet:-1, max-image-preview:large, max-video-preview:-1\" \/>\n<link rel=\"canonical\" href=\"https:\/\/www.pinifri.fr\/Portfolio\/design-graphique\/planche-de-tendances\/\" \/>\n<meta property=\"og:locale\" content=\"fr_FR\" \/>\n<meta property=\"og:type\" content=\"article\" \/>\n<meta property=\"og:title\" content=\"Cr\u00e9ation d&#039;une planche de tendances &quot;Les Cagettes de Camille&quot;\" \/>\n<meta property=\"og:description\" content=\"Dans le cadre d&#039;un exercice donn\u00e9 dont le sujet est : &quot;Les Cagettes de Camille&quot;, j&#039;ai r\u00e9alis\u00e9 une planche tendances.\" \/>\n<meta property=\"og:url\" content=\"https:\/\/www.pinifri.fr\/Portfolio\/design-graphique\/planche-de-tendances\/\" \/>\n<meta property=\"og:site_name\" content=\"Portfolio\" \/>\n<meta property=\"article:modified_time\" content=\"2021-05-10T12:07:28+00:00\" \/>\n<meta property=\"og:image\" content=\"https:\/\/www.pinifri.fr\/Portfolio\/wp-content\/uploads\/2021\/05\/planche-inspiration-mockup-scaled.jpg\" \/>\n<meta name=\"twitter:card\" content=\"summary_large_image\" \/>\n<meta name=\"twitter:label1\" content=\"Dur\u00e9e de lecture estim\u00e9e\" \/>\n\t<meta name=\"twitter:data1\" content=\"1 minute\" \/>\n<script type=\"application\/ld+json\" class=\"yoast-schema-graph\">{\"@context\":\"https:\\\/\\\/schema.org\",\"@graph\":[{\"@type\":\"WebPage\",\"@id\":\"https:\\\/\\\/www.pinifri.fr\\\/Portfolio\\\/design-graphique\\\/planche-de-tendances\\\/\",\"url\":\"https:\\\/\\\/www.pinifri.fr\\\/Portfolio\\\/design-graphique\\\/planche-de-tendances\\\/\",\"name\":\"Cr\u00e9ation d'une planche de tendances \\\"Les Cagettes de Camille\\\"\",\"isPartOf\":{\"@id\":\"https:\\\/\\\/www.pinifri.fr\\\/Portfolio\\\/#website\"},\"primaryImageOfPage\":{\"@id\":\"https:\\\/\\\/www.pinifri.fr\\\/Portfolio\\\/design-graphique\\\/planche-de-tendances\\\/#primaryimage\"},\"image\":{\"@id\":\"https:\\\/\\\/www.pinifri.fr\\\/Portfolio\\\/design-graphique\\\/planche-de-tendances\\\/#primaryimage\"},\"thumbnailUrl\":\"https:\\\/\\\/www.pinifri.fr\\\/Portfolio\\\/wp-content\\\/uploads\\\/2021\\\/05\\\/planche-inspiration-mockup-scaled.jpg\",\"datePublished\":\"2021-05-07T07:29:31+00:00\",\"dateModified\":\"2021-05-10T12:07:28+00:00\",\"description\":\"Dans le cadre d'un exercice donn\u00e9 dont le sujet est : \\\"Les Cagettes de Camille\\\", j'ai r\u00e9alis\u00e9 une planche tendances.\",\"breadcrumb\":{\"@id\":\"https:\\\/\\\/www.pinifri.fr\\\/Portfolio\\\/design-graphique\\\/planche-de-tendances\\\/#breadcrumb\"},\"inLanguage\":\"fr-FR\",\"potentialAction\":[{\"@type\":\"ReadAction\",\"target\":[\"https:\\\/\\\/www.pinifri.fr\\\/Portfolio\\\/design-graphique\\\/planche-de-tendances\\\/\"]}]},{\"@type\":\"ImageObject\",\"inLanguage\":\"fr-FR\",\"@id\":\"https:\\\/\\\/www.pinifri.fr\\\/Portfolio\\\/design-graphique\\\/planche-de-tendances\\\/#primaryimage\",\"url\":\"https:\\\/\\\/www.pinifri.fr\\\/Portfolio\\\/wp-content\\\/uploads\\\/2021\\\/05\\\/planche-inspiration-mockup-scaled.jpg\",\"contentUrl\":\"https:\\\/\\\/www.pinifri.fr\\\/Portfolio\\\/wp-content\\\/uploads\\\/2021\\\/05\\\/planche-inspiration-mockup-scaled.jpg\",\"width\":2560,\"height\":1536,\"caption\":\"Planche tendances \\\"Les Cagettes de Camille\\\"\"},{\"@type\":\"BreadcrumbList\",\"@id\":\"https:\\\/\\\/www.pinifri.fr\\\/Portfolio\\\/design-graphique\\\/planche-de-tendances\\\/#breadcrumb\",\"itemListElement\":[{\"@type\":\"ListItem\",\"position\":1,\"name\":\"Accueil\",\"item\":\"https:\\\/\\\/www.pinifri.fr\\\/Portfolio\\\/\"},{\"@type\":\"ListItem\",\"position\":2,\"name\":\"Design graphique\",\"item\":\"https:\\\/\\\/www.pinifri.fr\\\/Portfolio\\\/design-graphique\\\/\"},{\"@type\":\"ListItem\",\"position\":3,\"name\":\"Planche de tendances\"}]},{\"@type\":\"WebSite\",\"@id\":\"https:\\\/\\\/www.pinifri.fr\\\/Portfolio\\\/#website\",\"url\":\"https:\\\/\\\/www.pinifri.fr\\\/Portfolio\\\/\",\"name\":\"Portfolio\",\"description\":\" de Sandrine Beauc\u00f4t\u00e9 ...\",\"publisher\":{\"@id\":\"https:\\\/\\\/www.pinifri.fr\\\/Portfolio\\\/#organization\"},\"potentialAction\":[{\"@type\":\"SearchAction\",\"target\":{\"@type\":\"EntryPoint\",\"urlTemplate\":\"https:\\\/\\\/www.pinifri.fr\\\/Portfolio\\\/?s={search_term_string}\"},\"query-input\":{\"@type\":\"PropertyValueSpecification\",\"valueRequired\":true,\"valueName\":\"search_term_string\"}}],\"inLanguage\":\"fr-FR\"},{\"@type\":\"Organization\",\"@id\":\"https:\\\/\\\/www.pinifri.fr\\\/Portfolio\\\/#organization\",\"name\":\"Portfolio\",\"url\":\"https:\\\/\\\/www.pinifri.fr\\\/Portfolio\\\/\",\"logo\":{\"@type\":\"ImageObject\",\"inLanguage\":\"fr-FR\",\"@id\":\"https:\\\/\\\/www.pinifri.fr\\\/Portfolio\\\/#\\\/schema\\\/logo\\\/image\\\/\",\"url\":\"https:\\\/\\\/www.pinifri.fr\\\/Portfolio\\\/wp-content\\\/uploads\\\/2020\\\/04\\\/cropped-logo-426px.png\",\"contentUrl\":\"https:\\\/\\\/www.pinifri.fr\\\/Portfolio\\\/wp-content\\\/uploads\\\/2020\\\/04\\\/cropped-logo-426px.png\",\"width\":318,\"height\":302,\"caption\":\"Portfolio\"},\"image\":{\"@id\":\"https:\\\/\\\/www.pinifri.fr\\\/Portfolio\\\/#\\\/schema\\\/logo\\\/image\\\/\"}}]}<\/script>\n<!-- \/ Yoast SEO plugin. -->","yoast_head_json":{"title":"Cr\u00e9ation d'une planche de tendances \"Les Cagettes de Camille\"","description":"Dans le cadre d'un exercice donn\u00e9 dont le sujet est : \"Les Cagettes de Camille\", j'ai r\u00e9alis\u00e9 une planche tendances.","robots":{"index":"index","follow":"follow","max-snippet":"max-snippet:-1","max-image-preview":"max-image-preview:large","max-video-preview":"max-video-preview:-1"},"canonical":"https:\/\/www.pinifri.fr\/Portfolio\/design-graphique\/planche-de-tendances\/","og_locale":"fr_FR","og_type":"article","og_title":"Cr\u00e9ation d'une planche de tendances \"Les Cagettes de Camille\"","og_description":"Dans le cadre d'un exercice donn\u00e9 dont le sujet est : \"Les Cagettes de Camille\", j'ai r\u00e9alis\u00e9 une planche tendances.","og_url":"https:\/\/www.pinifri.fr\/Portfolio\/design-graphique\/planche-de-tendances\/","og_site_name":"Portfolio","article_modified_time":"2021-05-10T12:07:28+00:00","og_image":[{"url":"https:\/\/www.pinifri.fr\/Portfolio\/wp-content\/uploads\/2021\/05\/planche-inspiration-mockup-scaled.jpg","type":"","width":"","height":""}],"twitter_card":"summary_large_image","twitter_misc":{"Dur\u00e9e de lecture estim\u00e9e":"1 minute"},"schema":{"@context":"https:\/\/schema.org","@graph":[{"@type":"WebPage","@id":"https:\/\/www.pinifri.fr\/Portfolio\/design-graphique\/planche-de-tendances\/","url":"https:\/\/www.pinifri.fr\/Portfolio\/design-graphique\/planche-de-tendances\/","name":"Cr\u00e9ation d'une planche de tendances \"Les Cagettes de Camille\"","isPartOf":{"@id":"https:\/\/www.pinifri.fr\/Portfolio\/#website"},"primaryImageOfPage":{"@id":"https:\/\/www.pinifri.fr\/Portfolio\/design-graphique\/planche-de-tendances\/#primaryimage"},"image":{"@id":"https:\/\/www.pinifri.fr\/Portfolio\/design-graphique\/planche-de-tendances\/#primaryimage"},"thumbnailUrl":"https:\/\/www.pinifri.fr\/Portfolio\/wp-content\/uploads\/2021\/05\/planche-inspiration-mockup-scaled.jpg","datePublished":"2021-05-07T07:29:31+00:00","dateModified":"2021-05-10T12:07:28+00:00","description":"Dans le cadre d'un exercice donn\u00e9 dont le sujet est : \"Les Cagettes de Camille\", j'ai r\u00e9alis\u00e9 une planche tendances.","breadcrumb":{"@id":"https:\/\/www.pinifri.fr\/Portfolio\/design-graphique\/planche-de-tendances\/#breadcrumb"},"inLanguage":"fr-FR","potentialAction":[{"@type":"ReadAction","target":["https:\/\/www.pinifri.fr\/Portfolio\/design-graphique\/planche-de-tendances\/"]}]},{"@type":"ImageObject","inLanguage":"fr-FR","@id":"https:\/\/www.pinifri.fr\/Portfolio\/design-graphique\/planche-de-tendances\/#primaryimage","url":"https:\/\/www.pinifri.fr\/Portfolio\/wp-content\/uploads\/2021\/05\/planche-inspiration-mockup-scaled.jpg","contentUrl":"https:\/\/www.pinifri.fr\/Portfolio\/wp-content\/uploads\/2021\/05\/planche-inspiration-mockup-scaled.jpg","width":2560,"height":1536,"caption":"Planche tendances \"Les Cagettes de Camille\""},{"@type":"BreadcrumbList","@id":"https:\/\/www.pinifri.fr\/Portfolio\/design-graphique\/planche-de-tendances\/#breadcrumb","itemListElement":[{"@type":"ListItem","position":1,"name":"Accueil","item":"https:\/\/www.pinifri.fr\/Portfolio\/"},{"@type":"ListItem","position":2,"name":"Design graphique","item":"https:\/\/www.pinifri.fr\/Portfolio\/design-graphique\/"},{"@type":"ListItem","position":3,"name":"Planche de tendances"}]},{"@type":"WebSite","@id":"https:\/\/www.pinifri.fr\/Portfolio\/#website","url":"https:\/\/www.pinifri.fr\/Portfolio\/","name":"Portfolio","description":" de Sandrine Beauc\u00f4t\u00e9 ...","publisher":{"@id":"https:\/\/www.pinifri.fr\/Portfolio\/#organization"},"potentialAction":[{"@type":"SearchAction","target":{"@type":"EntryPoint","urlTemplate":"https:\/\/www.pinifri.fr\/Portfolio\/?s={search_term_string}"},"query-input":{"@type":"PropertyValueSpecification","valueRequired":true,"valueName":"search_term_string"}}],"inLanguage":"fr-FR"},{"@type":"Organization","@id":"https:\/\/www.pinifri.fr\/Portfolio\/#organization","name":"Portfolio","url":"https:\/\/www.pinifri.fr\/Portfolio\/","logo":{"@type":"ImageObject","inLanguage":"fr-FR","@id":"https:\/\/www.pinifri.fr\/Portfolio\/#\/schema\/logo\/image\/","url":"https:\/\/www.pinifri.fr\/Portfolio\/wp-content\/uploads\/2020\/04\/cropped-logo-426px.png","contentUrl":"https:\/\/www.pinifri.fr\/Portfolio\/wp-content\/uploads\/2020\/04\/cropped-logo-426px.png","width":318,"height":302,"caption":"Portfolio"},"image":{"@id":"https:\/\/www.pinifri.fr\/Portfolio\/#\/schema\/logo\/image\/"}}]}},"_links":{"self":[{"href":"https:\/\/www.pinifri.fr\/Portfolio\/wp-json\/wp\/v2\/pages\/804","targetHints":{"allow":["GET"]}}],"collection":[{"href":"https:\/\/www.pinifri.fr\/Portfolio\/wp-json\/wp\/v2\/pages"}],"about":[{"href":"https:\/\/www.pinifri.fr\/Portfolio\/wp-json\/wp\/v2\/types\/page"}],"author":[{"embeddable":true,"href":"https:\/\/www.pinifri.fr\/Portfolio\/wp-json\/wp\/v2\/users\/1"}],"replies":[{"embeddable":true,"href":"https:\/\/www.pinifri.fr\/Portfolio\/wp-json\/wp\/v2\/comments?post=804"}],"version-history":[{"count":27,"href":"https:\/\/www.pinifri.fr\/Portfolio\/wp-json\/wp\/v2\/pages\/804\/revisions"}],"predecessor-version":[{"id":1119,"href":"https:\/\/www.pinifri.fr\/Portfolio\/wp-json\/wp\/v2\/pages\/804\/revisions\/1119"}],"up":[{"embeddable":true,"href":"https:\/\/www.pinifri.fr\/Portfolio\/wp-json\/wp\/v2\/pages\/8"}],"wp:attachment":[{"href":"https:\/\/www.pinifri.fr\/Portfolio\/wp-json\/wp\/v2\/media?parent=804"}],"curies":[{"name":"wp","href":"https:\/\/api.w.org\/{rel}","templated":true}]}}